{"id":954,"date":"2016-07-15T14:19:56","date_gmt":"2016-07-15T14:19:56","guid":{"rendered":"http:\/\/test.kriesi.at\/enfold-medical\/?page_id=954"},"modified":"2024-03-06T13:28:21","modified_gmt":"2024-03-06T13:28:21","slug":"contact","status":"publish","type":"page","link":"https:\/\/garival.com\/fr\/contact\/","title":{"rendered":"Contact"},"content":{"rendered":"<div  class='av_gmaps_sc_main_wrap av_gmaps_main_wrap '><div id='av_gmap_0' class='avia-google-map-container avia-google-map-sc av_gmaps_show_unconditionally ' data-mapid='av_gmap_0'  style='height: 300px; background-image:url(https:\/\/garival.com\/fr\/wp-content\/uploads\/2023\/12\/Garival-Maitrise-de-la-perception2.png);'><a class=\"av_gmaps_browser_disabled av_text_confirm_link av_text_confirm_link_visible\" href=\"https:\/\/www.google.com\/maps\/search\/?api=1&#038;query=2105,%20le%20Chatelier%20H7L%205B3%20Laval%20Quebec%20Canada\" target=\"_blank\">Les cartes ont \u00e9t\u00e9 d\u00e9sactiv\u00e9es par le visiteur sur ce site. Cliquer pour ouvrir la carte dans une nouvelle fen\u00eatre.<\/a><\/div><\/div>\n<div id='av_section_1'  class='avia-section av-3l6hei-9e92f5c2cce57d4994724d096a8d9fcd main_color avia-section-huge avia-no-border-styling  avia-builder-el-1  el_after_av_google_map  avia-builder-el-last  avia-bg-style-scroll container_wrap fullsize'  ><div class='container av-section-cont-open' ><div class='template-page content  av-content-full alpha units'><div class='post-entry post-entry-type-page post-entry-954'><div class='entry-content-wrapper clearfix'>\n<div class='flex_column_table av-3c2jui-9527d25cb2c7bd95f5ef1cd1fd17b6fc sc-av_one_third av-equal-height-column-flextable'>\n<style type=\"text\/css\" data-created_by=\"avia_inline_auto\" id=\"style-css-av-3c2jui-9527d25cb2c7bd95f5ef1cd1fd17b6fc\">\n#top .flex_column_table.av-equal-height-column-flextable.av-3c2jui-9527d25cb2c7bd95f5ef1cd1fd17b6fc{\nmargin-top:-200px;\nmargin-bottom:0px;\n}\n.flex_column.av-3c2jui-9527d25cb2c7bd95f5ef1cd1fd17b6fc{\nborder-radius:0px 0px 0px 0px;\npadding:40px 40px 40px 40px;\n}\n<\/style>\n<div  class='flex_column av-3c2jui-9527d25cb2c7bd95f5ef1cd1fd17b6fc av_one_third  avia-builder-el-2  el_before_av_one_third  avia-builder-el-first  first no_margin flex_column_table_cell av-equal-height-column av-align-top  '     ><\/div>\n<style type=\"text\/css\" data-created_by=\"avia_inline_auto\" id=\"style-css-av-36owea-d29890c815f4f05d77b482e28c831b48\">\n#top .flex_column_table.av-equal-height-column-flextable.av-36owea-d29890c815f4f05d77b482e28c831b48{\nmargin-top:-200px;\nmargin-bottom:0px;\n}\n.flex_column.av-36owea-d29890c815f4f05d77b482e28c831b48{\nborder-radius:0px 0px 0px 0px;\npadding:40px 40px 40px 40px;\nbackground-color:#004f80;\n}\n<\/style>\n<div  class='flex_column av-36owea-d29890c815f4f05d77b482e28c831b48 av_one_third  avia-builder-el-3  el_after_av_one_third  el_before_av_one_third  no_margin flex_column_table_cell av-equal-height-column av-align-top  '     ><p>\n<style type=\"text\/css\" data-created_by=\"avia_inline_auto\" id=\"style-css-av-31ak96-f8b992be760df406e7cea55cbd1a5d11\">\n.av_font_icon.av-31ak96-f8b992be760df406e7cea55cbd1a5d11{\ncolor:#0070ba;\nborder-color:#0070ba;\n}\n.avia-svg-icon.av-31ak96-f8b992be760df406e7cea55cbd1a5d11 svg:first-child{\nstroke:#0070ba;\nfill:#0070ba;\n}\n.av_font_icon.av-31ak96-f8b992be760df406e7cea55cbd1a5d11 .av-icon-char{\nfont-size:60px;\nline-height:60px;\n}\n<\/style>\n<span  class='av_font_icon av-31ak96-f8b992be760df406e7cea55cbd1a5d11 avia_animate_when_visible av-icon-style- avia-icon-pos-center avia-iconfont avia-font-entypo-fontello avia-icon-animate'><span class='av-icon-char' data-av_icon='\ue854' data-av_iconfont='entypo-fontello' aria-hidden=\"true\" ><\/span><\/span><br \/>\n\n<style type=\"text\/css\" data-created_by=\"avia_inline_auto\" id=\"style-css-av-2xaldu-e6db00254b813ef2a18fa60160df9a0f\">\n#top .hr.hr-invisible.av-2xaldu-e6db00254b813ef2a18fa60160df9a0f{\nheight:20px;\n}\n<\/style>\n<div  class='hr av-2xaldu-e6db00254b813ef2a18fa60160df9a0f hr-invisible  avia-builder-el-5  el_after_av_font_icon  el_before_av_textblock '><span class='hr-inner '><span class=\"hr-inner-style\"><\/span><\/span><\/div><br \/>\n\n<style type=\"text\/css\" data-created_by=\"avia_inline_auto\" id=\"style-css-av-2smvkq-2c885aa488325b1deb8e96cd3846e402\">\n#top .av_textblock_section.av-2smvkq-2c885aa488325b1deb8e96cd3846e402 .avia_textblock{\ncolor:#ffffff;\n}\n<\/style>\n<section  class='av_textblock_section av-2smvkq-2c885aa488325b1deb8e96cd3846e402 '   itemscope=\"itemscope\" itemtype=\"https:\/\/schema.org\/CreativeWork\" ><div class='avia_textblock av_inherit_color'  itemprop=\"text\" ><h4 style=\"text-align: center;\">Contact<\/h4>\n<p style=\"text-align: center;\">Notez que vous pouvez \u00e9galement rejoindre les membres de l&rsquo;\u00e9quipe individuellement sur la page <a href=\"https:\/\/garival.com\/fr\/garival-et-son-equipe\/\">Garival et son \u00e9quipe<\/a>, de m\u00eame que le SOUTIEN SYST\u00c8MES (SYSAID), les SERVICES ET COMMANDE ou les COMPTES PAYABLE ET \u00c0 RECEVOIR aux coordonn\u00e9es affich\u00e9es dans le menu du bas de page.<\/p>\n<\/div><\/section><br \/>\n\n<style type=\"text\/css\" data-created_by=\"avia_inline_auto\" id=\"style-css-av-2k722q-1b520c8807031e038a631f590fdf4a83\">\n#top .hr.hr-invisible.av-2k722q-1b520c8807031e038a631f590fdf4a83{\nheight:8px;\n}\n<\/style>\n<div  class='hr av-2k722q-1b520c8807031e038a631f590fdf4a83 hr-invisible  avia-builder-el-7  el_after_av_textblock  avia-builder-el-last '><span class='hr-inner '><span class=\"hr-inner-style\"><\/span><\/span><\/div><\/p><\/div>\n<style type=\"text\/css\" data-created_by=\"avia_inline_auto\" id=\"style-css-av-2dptgy-9e88d814e0959b2a5c5bfcf9ed385c94\">\n#top .flex_column_table.av-equal-height-column-flextable.av-2dptgy-9e88d814e0959b2a5c5bfcf9ed385c94{\nmargin-top:-200px;\nmargin-bottom:0px;\n}\n.flex_column.av-2dptgy-9e88d814e0959b2a5c5bfcf9ed385c94{\nborder-radius:0px 0px 0px 0px;\npadding:40px 40px 40px 40px;\n}\n<\/style>\n<div  class='flex_column av-2dptgy-9e88d814e0959b2a5c5bfcf9ed385c94 av_one_third  avia-builder-el-8  el_after_av_one_third  el_before_av_one_half  no_margin flex_column_table_cell av-equal-height-column av-align-top  '     ><\/div><\/div><!--close column table wrapper. Autoclose: 1 -->\n<style type=\"text\/css\" data-created_by=\"avia_inline_auto\" id=\"style-css-av-2aeuai-c97da7fe26da5abaa7f262ec83eeea2b\">\n.flex_column.av-2aeuai-c97da7fe26da5abaa7f262ec83eeea2b{\nborder-radius:0px 0px 0px 0px;\npadding:0px 0px 0px 0px;\n}\n<\/style>\n<div  class='flex_column av-2aeuai-c97da7fe26da5abaa7f262ec83eeea2b av_one_half  avia-builder-el-9  el_after_av_one_third  el_before_av_one_half  first flex_column_div av-animated-generic bottom-to-top av-zero-column-padding  column-top-margin'     ><p>\n<style type=\"text\/css\" data-created_by=\"avia_inline_auto\" id=\"style-css-av-21rl1m-1b171a6221acaaeee902272d7cb903d0\">\n#top .av-special-heading.av-21rl1m-1b171a6221acaaeee902272d7cb903d0{\npadding-bottom:20px;\nfont-size:34px;\n}\nbody .av-special-heading.av-21rl1m-1b171a6221acaaeee902272d7cb903d0 .av-special-heading-tag .heading-char{\nfont-size:25px;\n}\n#top #wrap_all .av-special-heading.av-21rl1m-1b171a6221acaaeee902272d7cb903d0 .av-special-heading-tag{\nfont-size:34px;\n}\n.av-special-heading.av-21rl1m-1b171a6221acaaeee902272d7cb903d0 .av-subheading{\nfont-size:15px;\n}\n\n@media only screen and (min-width: 480px) and (max-width: 767px){ \n#top #wrap_all .av-special-heading.av-21rl1m-1b171a6221acaaeee902272d7cb903d0 .av-special-heading-tag{\nfont-size:0.8em;\n}\n}\n\n@media only screen and (max-width: 479px){ \n#top #wrap_all .av-special-heading.av-21rl1m-1b171a6221acaaeee902272d7cb903d0 .av-special-heading-tag{\nfont-size:0.8em;\n}\n}\n<\/style>\n<div  class='av-special-heading av-21rl1m-1b171a6221acaaeee902272d7cb903d0 av-special-heading-h3 blockquote modern-quote  avia-builder-el-10  el_before_av_contact  avia-builder-el-first  av-inherit-size'><div class='av-subheading av-subheading_above'><p>Ce sera un plaisir de vous r\u00e9pondre<\/p>\n<\/div><h3 class='av-special-heading-tag '  itemprop=\"headline\"  >Contactez-nous.<\/h3><div class=\"special-heading-border\"><div class=\"special-heading-inner-border\"><\/div><\/div><\/div><br \/>\n<form action=\"https:\/\/garival.com\/fr\/contact\/\" method=\"post\" data-fields-with-error=\"Erreurs trouv\u00e9es dans les champs suivants :\" class=\"avia_ajax_form av-form-labels-hidden   avia-builder-el-11  el_after_av_heading  avia-builder-el-last  av-show-form-errors   \" data-avia-form-id=\"1\" data-avia-redirect='' ><fieldset><p class='  first_form  form_element form_element_half' id='element_avia_1_1'><label for=\"avia_1_1\">Nom <abbr class=\"required\" title=\"requis(e)\">*<\/abbr><\/label> <input name=\"avia_1_1\" class=\"text_input is_empty\" type=\"text\" id=\"avia_1_1\" value=\"\"  placeholder='Nom*'\/><\/p><p class='  form_element form_element_half' id='element_avia_2_1'><label for=\"avia_2_1\">Adresse courriel <abbr class=\"required\" title=\"requis(e)\">*<\/abbr><\/label> <input name=\"avia_2_1\" class=\"text_input is_email\" type=\"text\" id=\"avia_2_1\" value=\"\"  placeholder='Adresse courriel*'\/><\/p><p class='  first_form  form_element form_fullwidth' id='element_avia_3_1'><label for=\"avia_3_1\" class=\"textare_label hidden textare_label_avia_3_1\">Compagnie<\/label><textarea  placeholder='Compagnie' name=\"avia_3_1\" class=\"text_area \" cols=\"40\" rows=\"7\" id=\"avia_3_1\" ><\/textarea><\/p><p class='  first_form  form_element form_fullwidth' id='element_avia_4_1'><label for=\"avia_4_1\">L\u2019objet de cette communication <abbr class=\"required\" title=\"requis(e)\">*<\/abbr><\/label> <input name=\"avia_4_1\" class=\"text_input is_empty\" type=\"text\" id=\"avia_4_1\" value=\"\"  placeholder='L\u2019objet de cette communication*'\/><\/p><p class='  first_form  form_element form_fullwidth' id='element_avia_5_1'><label for=\"avia_5_1\" class=\"textare_label hidden textare_label_avia_5_1\">Votre message <abbr class=\"required\" title=\"requis(e)\">*<\/abbr><\/label><textarea  placeholder='Votre message*' name=\"avia_5_1\" class=\"text_area is_empty\" cols=\"40\" rows=\"7\" id=\"avia_5_1\" ><\/textarea><\/p><p class=\"hidden\"><input type=\"text\" name=\"avia_6_1\" class=\"hidden \" id=\"avia_6_1\" value=\"\" \/><\/p><p class='   form_element form_fullwidth' id='element_avia_7_1'><span class='value_verifier_label'>0 + 1 = ?<\/span><input name=\"avia_7_1_verifier\" type=\"hidden\" id=\"avia_7_1_verifier\" value=\"775671115\"\/><label for=\"avia_7_1\">Merci de prouver que vous \u00eates un humain en donnant le r\u00e9sultat de cette op\u00e9ration <abbr class=\"required\" title=\"requis(e)\">*<\/abbr><\/label><input name=\"avia_7_1\" class=\"text_input captcha\" type=\"text\" id=\"avia_7_1\" value=\"\"\/><\/p><p class=\"form_element \"><input type=\"hidden\" value=\"1\" name=\"avia_generated_form1\" \/><input type=\"submit\" value=\"Soumettre\" class=\"button\"  data-sending-label=\"Envoi\"\/><\/p><\/fieldset><\/form><div id=\"ajaxresponse_1\" class=\"ajaxresponse ajaxresponse_1 hidden\"><\/div><\/p><\/div>\n<style type=\"text\/css\" data-created_by=\"avia_inline_auto\" id=\"style-css-av-2rmdu-6ba2d797a6b373f7cbf42c11d2765b0b\">\n.flex_column.av-2rmdu-6ba2d797a6b373f7cbf42c11d2765b0b{\nborder-radius:0px 0px 0px 0px;\npadding:0px 0px 0px 0px;\n}\n<\/style>\n<div  class='flex_column av-2rmdu-6ba2d797a6b373f7cbf42c11d2765b0b av_one_half  avia-builder-el-12  el_after_av_one_half  avia-builder-el-last  flex_column_div av-animated-generic bottom-to-top av-zero-column-padding  column-top-margin'     ><p>\n<style type=\"text\/css\" data-created_by=\"avia_inline_auto\" id=\"style-css-av-1x3ma-ef7c1df4d3ba55cac6a352649af12f9a\">\n#top .av-special-heading.av-1x3ma-ef7c1df4d3ba55cac6a352649af12f9a{\npadding-bottom:20px;\nfont-size:34px;\n}\nbody .av-special-heading.av-1x3ma-ef7c1df4d3ba55cac6a352649af12f9a .av-special-heading-tag .heading-char{\nfont-size:25px;\n}\n#top #wrap_all .av-special-heading.av-1x3ma-ef7c1df4d3ba55cac6a352649af12f9a .av-special-heading-tag{\nfont-size:34px;\n}\n.av-special-heading.av-1x3ma-ef7c1df4d3ba55cac6a352649af12f9a .av-subheading{\nfont-size:15px;\n}\n\n@media only screen and (min-width: 480px) and (max-width: 767px){ \n#top #wrap_all .av-special-heading.av-1x3ma-ef7c1df4d3ba55cac6a352649af12f9a .av-special-heading-tag{\nfont-size:0.8em;\n}\n}\n\n@media only screen and (max-width: 479px){ \n#top #wrap_all .av-special-heading.av-1x3ma-ef7c1df4d3ba55cac6a352649af12f9a .av-special-heading-tag{\nfont-size:0.8em;\n}\n}\n<\/style>\n<div  class='av-special-heading av-1x3ma-ef7c1df4d3ba55cac6a352649af12f9a av-special-heading-h3 blockquote modern-quote  avia-builder-el-13  el_before_av_textblock  avia-builder-el-first  av-inherit-size'><div class='av-subheading av-subheading_above'><p>Ce sera un plaisir de vous voir<\/p>\n<\/div><h3 class='av-special-heading-tag '  itemprop=\"headline\"  >Visitez-nous.<\/h3><div class=\"special-heading-border\"><div class=\"special-heading-inner-border\"><\/div><\/div><\/div><br \/>\n<section  class='av_textblock_section av-hrf96-c99f0489ea6cdff07fe5698c27cd15f5 '   itemscope=\"itemscope\" itemtype=\"https:\/\/schema.org\/CreativeWork\" ><div class='avia_textblock'  itemprop=\"text\" ><h4>Garival S.E.C.<\/h4>\n<p><strong>2105, le Chatelier<\/strong><br \/>\nLaval (Qu\u00e9bec)<br \/>\nH7L 5B3<\/p>\n<p><strong>Services \u00e0 la client\u00e8le <\/strong><br \/>\n450.686.3913<\/p>\n<\/div><\/section><br \/>\n\n<style type=\"text\/css\" data-created_by=\"avia_inline_auto\" id=\"style-css-av-a23gi-bba880494ef4fae76d13af613820a900\">\n.avia-fold-unfold-section.av-fold-textblock-av-a23gi-bba880494ef4fae76d13af613820a900 .av-fold-unfold-container{\nmax-height:130px;\n}\n<\/style>\n<section id=\"avia_sc_text_3\" class='av_textblock_section av-a23gi-bba880494ef4fae76d13af613820a900 avia-fold-unfold-section avia-fold-textblock-wrap avia-fold-init av-fold-textblock-av-a23gi-bba880494ef4fae76d13af613820a900 align-left' data-fold_unfold=\"{&quot;type&quot;:&quot;avia-fold-unfold-section&quot;,&quot;height&quot;:&quot;130&quot;,&quot;more&quot;:&quot;Lire la suite&quot;,&quot;less&quot;:&quot;R\\u00e9duire&quot;,&quot;context&quot;:&quot;avia_sc_text&quot;}\"  itemscope=\"itemscope\" itemtype=\"https:\/\/schema.org\/CreativeWork\" ><div class=\"av-fold-unfold-container folded\"><\/div><div class='av-fold-button-wrapper av-textblock-btn-wrap '><a href=\"#\" class=\"av-fold-button-container \" data-ignore_hash=\"1\" data-no_scroll_in_viewport=\"1\" data-scroll_top_offset=\"50\">Lire la suite<\/a><\/div><div class='avia_textblock'  itemprop=\"text\" ><h4>POLITIQUE DE CONFIDENTIALIT\u00c9<\/h4>\n<blockquote>\n<p>La personne responsable de la protection des renseignements personnels chez Garival est Jacques St-Pierre. Il peut \u00eatre joint par <a href=\"mailto:jst-pierre@garival.com\">courriel <\/a>ou par t\u00e9l\u00e9phone au 450-686-3913.<\/p>\n<\/blockquote>\n<p>Garival.com contient des liens vers des sites externes. Garival n\u2019est pas responsable du contenu de ces sites ni de leurs pratiques relatives \u00e0 la vie priv\u00e9e.<\/p>\n<p>Les renseignements personnels recueillis par garival.com sont trait\u00e9s en conformit\u00e9 avec la\u00a0<a href=\"http:\/\/legisquebec.gouv.qc.ca\/fr\/ShowDoc\/cs\/A-2.1\" target=\"_blank\" rel=\"noopener noreferrer\">Loi sur l\u2019acc\u00e8s aux documents des organismes publics et sur la protection des renseignements<\/a>, notamment. Cette loi \u00e9dicte les principes \u00e0 respecter lors de la collecte, de l\u2019utilisation, de la communication avec ou sans consentement, de la conservation et de la destruction des renseignements personnels, tout en mettant en place les mesures de s\u00e9curit\u00e9 appropri\u00e9es en fonction de la nature et de la quantit\u00e9 des renseignements.<\/p>\n<p>Les informations sont communiqu\u00e9es \u00e0 d\u2019autres organismes publics seulement si elles s\u2019adressent \u00e0 eux afin qu\u2019ils r\u00e9alisent leur mission, avec le consentement de la personne, ou si cette divulgation est exig\u00e9e par la loi, selon l\u2019encadrement l\u00e9gal pr\u00e9vu. Garival ne les emploie pas pour dresser des profils d\u2019utilisation.<\/p>\n<\/div><\/section><\/p><\/div>\n","protected":false},"excerpt":{"rendered":"","protected":false},"author":1,"featured_media":0,"parent":0,"menu_order":0,"comment_status":"closed","ping_status":"closed","template":"","meta":{"inline_featured_image":false,"footnotes":""},"class_list":["post-954","page","type-page","status-publish","hentry"],"_links":{"self":[{"href":"https:\/\/garival.com\/fr\/wp-json\/wp\/v2\/pages\/954","targetHints":{"allow":["GET"]}}],"collection":[{"href":"https:\/\/garival.com\/fr\/wp-json\/wp\/v2\/pages"}],"about":[{"href":"https:\/\/garival.com\/fr\/wp-json\/wp\/v2\/types\/page"}],"author":[{"embeddable":true,"href":"https:\/\/garival.com\/fr\/wp-json\/wp\/v2\/users\/1"}],"replies":[{"embeddable":true,"href":"https:\/\/garival.com\/fr\/wp-json\/wp\/v2\/comments?post=954"}],"version-history":[{"count":42,"href":"https:\/\/garival.com\/fr\/wp-json\/wp\/v2\/pages\/954\/revisions"}],"predecessor-version":[{"id":3132,"href":"https:\/\/garival.com\/fr\/wp-json\/wp\/v2\/pages\/954\/revisions\/3132"}],"wp:attachment":[{"href":"https:\/\/garival.com\/fr\/wp-json\/wp\/v2\/media?parent=954"}],"curies":[{"name":"wp","href":"https:\/\/api.w.org\/{rel}","templated":true}]}}