{"id":3137,"date":"2024-03-07T18:59:12","date_gmt":"2024-03-07T18:59:12","guid":{"rendered":"https:\/\/garival.com\/fr\/?page_id=3137"},"modified":"2026-03-17T18:32:20","modified_gmt":"2026-03-17T18:32:20","slug":"evenements","status":"publish","type":"page","link":"https:\/\/garival.com\/fr\/evenements\/","title":{"rendered":"\u00c9v\u00e8nements"},"content":{"rendered":"<div  class='av_gmaps_sc_main_wrap av_gmaps_main_wrap '><div id='av_gmap_0' class='avia-google-map-container avia-google-map-sc av_gmaps_show_unconditionally ' data-mapid='av_gmap_0'  style='height: 300px; background-image:url(https:\/\/garival.com\/fr\/wp-content\/uploads\/2023\/12\/Garival-Maitrise-de-la-perception2.png);'><a class=\"av_gmaps_browser_disabled av_text_confirm_link av_text_confirm_link_visible\" href=\"https:\/\/www.google.com\/maps\/search\/?api=1&#038;query=2105,%20le%20Chatelier%20H7L%205B3%20Laval%20Quebec%20Canada\" target=\"_blank\">Les cartes ont \u00e9t\u00e9 d\u00e9sactiv\u00e9es par le visiteur sur ce site. Cliquer pour ouvrir la carte dans une nouvelle fen\u00eatre.<\/a><\/div><\/div>\n<div id='av_section_1'  class='avia-section av-3l6hei-9e92f5c2cce57d4994724d096a8d9fcd main_color avia-section-huge avia-no-border-styling  avia-builder-el-1  el_after_av_google_map  el_before_av_hr  avia-bg-style-scroll container_wrap fullsize'  ><div class='container av-section-cont-open' ><div class='template-page content  av-content-full alpha units'><div class='post-entry post-entry-type-page post-entry-3137'><div class='entry-content-wrapper clearfix'>\n<div class='flex_column_table av-3c2jui-9527d25cb2c7bd95f5ef1cd1fd17b6fc sc-av_one_third av-equal-height-column-flextable'>\n<style type=\"text\/css\" data-created_by=\"avia_inline_auto\" id=\"style-css-av-3c2jui-9527d25cb2c7bd95f5ef1cd1fd17b6fc\">\n#top .flex_column_table.av-equal-height-column-flextable.av-3c2jui-9527d25cb2c7bd95f5ef1cd1fd17b6fc{\nmargin-top:-200px;\nmargin-bottom:0px;\n}\n.flex_column.av-3c2jui-9527d25cb2c7bd95f5ef1cd1fd17b6fc{\nborder-radius:0px 0px 0px 0px;\npadding:40px 40px 40px 40px;\n}\n<\/style>\n<div  class='flex_column av-3c2jui-9527d25cb2c7bd95f5ef1cd1fd17b6fc av_one_third  avia-builder-el-2  el_before_av_one_third  avia-builder-el-first  first no_margin flex_column_table_cell av-equal-height-column av-align-top  '     ><\/div>\n<style type=\"text\/css\" data-created_by=\"avia_inline_auto\" id=\"style-css-av-36owea-d29890c815f4f05d77b482e28c831b48\">\n#top .flex_column_table.av-equal-height-column-flextable.av-36owea-d29890c815f4f05d77b482e28c831b48{\nmargin-top:-200px;\nmargin-bottom:0px;\n}\n.flex_column.av-36owea-d29890c815f4f05d77b482e28c831b48{\nborder-radius:0px 0px 0px 0px;\npadding:40px 40px 40px 40px;\nbackground-color:#004f80;\n}\n<\/style>\n<div  class='flex_column av-36owea-d29890c815f4f05d77b482e28c831b48 av_one_third  avia-builder-el-3  el_after_av_one_third  el_before_av_one_third  no_margin flex_column_table_cell av-equal-height-column av-align-top  '     ><style type=\"text\/css\" data-created_by=\"avia_inline_auto\" id=\"style-css-av-2smvkq-2c885aa488325b1deb8e96cd3846e402\">\n#top .av_textblock_section.av-2smvkq-2c885aa488325b1deb8e96cd3846e402 .avia_textblock{\ncolor:#ffffff;\n}\n<\/style>\n<section  class='av_textblock_section av-2smvkq-2c885aa488325b1deb8e96cd3846e402 '   itemscope=\"itemscope\" itemtype=\"https:\/\/schema.org\/CreativeWork\" ><div class='avia_textblock av_inherit_color'  itemprop=\"text\" ><h4 style=\"text-align: center;\">\u00c9v\u00e8nements \u00e0 venir<\/h4>\n<p style=\"text-align: center;\">Vous trouverez ici la liste des \u00e9v\u00e8nements auxquels Garival participera et o\u00f9 vous pourrez rencontrer l&rsquo;\u00e9quipe.<\/p>\n<\/div><\/section><br \/>\n\n<style type=\"text\/css\" data-created_by=\"avia_inline_auto\" id=\"style-css-av-2k722q-1b520c8807031e038a631f590fdf4a83\">\n#top .hr.hr-invisible.av-2k722q-1b520c8807031e038a631f590fdf4a83{\nheight:8px;\n}\n<\/style>\n<div  class='hr av-2k722q-1b520c8807031e038a631f590fdf4a83 hr-invisible  avia-builder-el-5  el_after_av_textblock  avia-builder-el-last '><span class='hr-inner '><span class=\"hr-inner-style\"><\/span><\/span><\/div><\/p><\/div>\n<style type=\"text\/css\" data-created_by=\"avia_inline_auto\" id=\"style-css-av-2dptgy-9e88d814e0959b2a5c5bfcf9ed385c94\">\n#top .flex_column_table.av-equal-height-column-flextable.av-2dptgy-9e88d814e0959b2a5c5bfcf9ed385c94{\nmargin-top:-200px;\nmargin-bottom:0px;\n}\n.flex_column.av-2dptgy-9e88d814e0959b2a5c5bfcf9ed385c94{\nborder-radius:0px 0px 0px 0px;\npadding:40px 40px 40px 40px;\n}\n<\/style>\n<div  class='flex_column av-2dptgy-9e88d814e0959b2a5c5bfcf9ed385c94 av_one_third  avia-builder-el-6  el_after_av_one_third  el_before_av_hr  no_margin flex_column_table_cell av-equal-height-column av-align-top  '     ><\/div><\/div><!--close column table wrapper. Autoclose: 1 -->\n<style type=\"text\/css\" data-created_by=\"avia_inline_auto\" id=\"style-css-av-lthnsv8v-5bec07efc6a89e7a598f67942f9ff8c3\">\n#top .hr.av-lthnsv8v-5bec07efc6a89e7a598f67942f9ff8c3{\nmargin-top:20px;\nmargin-bottom:100px;\n}\n.hr.av-lthnsv8v-5bec07efc6a89e7a598f67942f9ff8c3 .hr-inner{\nwidth:50%;\nmax-width:45%;\n}\n.hr.av-lthnsv8v-5bec07efc6a89e7a598f67942f9ff8c3 .av-seperator-icon{\ncolor:#0070ba;\n}\n.hr.av-lthnsv8v-5bec07efc6a89e7a598f67942f9ff8c3 .av-seperator-icon.avia-svg-icon svg:first-child{\nfill:#0070ba;\nstroke:#0070ba;\n}\n<\/style>\n<div  class='hr av-lthnsv8v-5bec07efc6a89e7a598f67942f9ff8c3 hr-custom  avia-builder-el-7  el_after_av_one_third  el_before_av_one_full  hr-center hr-icon-yes'><span class='hr-inner inner-border-av-border-thin'><span class=\"hr-inner-style\"><\/span><\/span><span class='av-seperator-icon avia-iconfont avia-font-entypo-fontello' data-av_icon='\ue887' data-av_iconfont='entypo-fontello' ><\/span><span class='hr-inner inner-border-av-border-thin'><span class=\"hr-inner-style\"><\/span><\/span><\/div>\n\n<style type=\"text\/css\" data-created_by=\"avia_inline_auto\" id=\"style-css-av-2aeuai-c97da7fe26da5abaa7f262ec83eeea2b\">\n.flex_column.av-2aeuai-c97da7fe26da5abaa7f262ec83eeea2b{\nborder-radius:0px 0px 0px 0px;\npadding:0px 0px 0px 0px;\n}\n<\/style>\n<div  class='flex_column av-2aeuai-c97da7fe26da5abaa7f262ec83eeea2b av_one_full  avia-builder-el-8  el_after_av_hr  avia-builder-el-last  first flex_column_div av-animated-generic bottom-to-top av-zero-column-padding  '     ><div  class='avia-content-slider-element-container av-mmuy932u-62afdaf7f9f939027e0a4b0ebc8c97bf avia-content-slider-element-slider avia-content-slider avia-smallarrow-slider avia-content-slider-active avia-content-slider-odd  avia-builder-el-9  avia-builder-el-no-sibling  av-slideshow-ui av-control-default av-nav-arrows-visible av-nav-dots-visible av-no-slider-navigation av-slideshow-manual av-loop-once av-loop-manual-endless avia-content-slider1' data-slideshow-options=\"{&quot;animation&quot;:&quot;slide&quot;,&quot;autoplay&quot;:false,&quot;loop_autoplay&quot;:&quot;once&quot;,&quot;interval&quot;:5,&quot;loop_manual&quot;:&quot;manual-endless&quot;,&quot;autoplay_stopper&quot;:false,&quot;noNavigation&quot;:false,&quot;bg_slider&quot;:false,&quot;keep_padding&quot;:&quot;&quot;,&quot;hoverpause&quot;:false,&quot;show_slide_delay&quot;:30}\"><div class='avia-smallarrow-slider-heading  no-content-slider-heading '><div class='new-special-heading'>&nbsp;<\/div><\/div><div class=\"avia-content-slider-inner\"><div class=\"slide-entry-wrap\"><section class='slide-entry av-mmuy91vg-a328fc6ee454620e8f5cef08d8667312 flex_column av_one_third post-entry slide-entry-overview slide-loop-1 slide-parity-odd  post-entry-last  first'  itemscope=\"itemscope\" itemtype=\"https:\/\/schema.org\/CreativeWork\" ><h3 class='slide-entry-title entry-title '  itemprop=\"headline\" >14 avril 2026<\/h3><div class='slide-entry-excerpt entry-content'  itemprop=\"text\" ><p><img loading=\"lazy\" decoding=\"async\" class=\"wp-image-3316 alignleft\" src=\"https:\/\/garival.com\/fr\/wp-content\/uploads\/2026\/03\/OTE-2024-Logo-scaled.png\" alt=\"\" width=\"372\" height=\"117\" srcset=\"https:\/\/garival.com\/fr\/wp-content\/uploads\/2026\/03\/OTE-2024-Logo-scaled.png 2560w, https:\/\/garival.com\/fr\/wp-content\/uploads\/2026\/03\/OTE-2024-Logo-180x57.png 180w, https:\/\/garival.com\/fr\/wp-content\/uploads\/2026\/03\/OTE-2024-Logo-1030x324.png 1030w, https:\/\/garival.com\/fr\/wp-content\/uploads\/2026\/03\/OTE-2024-Logo-768x242.png 768w, https:\/\/garival.com\/fr\/wp-content\/uploads\/2026\/03\/OTE-2024-Logo-1536x483.png 1536w, https:\/\/garival.com\/fr\/wp-content\/uploads\/2026\/03\/OTE-2024-Logo-2048x644.png 2048w, https:\/\/garival.com\/fr\/wp-content\/uploads\/2026\/03\/OTE-2024-Logo-1500x472.png 1500w, https:\/\/garival.com\/fr\/wp-content\/uploads\/2026\/03\/OTE-2024-Logo-705x222.png 705w\" sizes=\"auto, (max-width: 372px) 100vw, 372px\" \/><\/p>\n<p><a href=\"https:\/\/ote.ca\/\">Ontario Transportation Expo<\/a><br \/>\n14 avril 2026<br \/>\nCentre des Congr\u00e8s de Toronto<br \/>\n650 Dixon Road, Toronto<br \/>\nVenez nous voir!<\/p>\n<\/div><\/section><\/div><\/div><\/div><\/div><\/div><\/div><\/div><!-- close content main div --><\/div><\/div><div id='after_section_1'  class='main_color av_default_container_wrap container_wrap fullsize'  ><div class='container av-section-cont-open' ><div class='template-page content  av-content-full alpha units'><div class='post-entry post-entry-type-page post-entry-3137'><div class='entry-content-wrapper clearfix'>\n<style type=\"text\/css\" data-created_by=\"avia_inline_auto\" id=\"style-css-av-lthntot0-fd32cf6d2819056b079f8068372182ae\">\n#top .hr.av-lthntot0-fd32cf6d2819056b079f8068372182ae{\nmargin-top:0;\nmargin-bottom:0;\n}\n.hr.av-lthntot0-fd32cf6d2819056b079f8068372182ae .hr-inner{\nwidth:50%;\nmax-width:45%;\n}\n.hr.av-lthntot0-fd32cf6d2819056b079f8068372182ae .av-seperator-icon{\ncolor:#0070ba;\n}\n.hr.av-lthntot0-fd32cf6d2819056b079f8068372182ae .av-seperator-icon.avia-svg-icon svg:first-child{\nfill:#0070ba;\nstroke:#0070ba;\n}\n<\/style>\n<div  class='hr av-lthntot0-fd32cf6d2819056b079f8068372182ae hr-custom  avia-builder-el-10  el_after_av_section  avia-builder-el-no-sibling  hr-center hr-icon-yes'><span class='hr-inner inner-border-av-border-thin'><span class=\"hr-inner-style\"><\/span><\/span><span class='av-seperator-icon avia-iconfont avia-font-entypo-fontello' data-av_icon='\ue898' data-av_iconfont='entypo-fontello' ><\/span><span class='hr-inner inner-border-av-border-thin'><span class=\"hr-inner-style\"><\/span><\/span><\/div><\/p>\n","protected":false},"excerpt":{"rendered":"","protected":false},"author":1,"featured_media":0,"parent":0,"menu_order":0,"comment_status":"closed","ping_status":"closed","template":"","meta":{"inline_featured_image":false,"footnotes":""},"class_list":["post-3137","page","type-page","status-publish","hentry"],"_links":{"self":[{"href":"https:\/\/garival.com\/fr\/wp-json\/wp\/v2\/pages\/3137","targetHints":{"allow":["GET"]}}],"collection":[{"href":"https:\/\/garival.com\/fr\/wp-json\/wp\/v2\/pages"}],"about":[{"href":"https:\/\/garival.com\/fr\/wp-json\/wp\/v2\/types\/page"}],"author":[{"embeddable":true,"href":"https:\/\/garival.com\/fr\/wp-json\/wp\/v2\/users\/1"}],"replies":[{"embeddable":true,"href":"https:\/\/garival.com\/fr\/wp-json\/wp\/v2\/comments?post=3137"}],"version-history":[{"count":19,"href":"https:\/\/garival.com\/fr\/wp-json\/wp\/v2\/pages\/3137\/revisions"}],"predecessor-version":[{"id":3317,"href":"https:\/\/garival.com\/fr\/wp-json\/wp\/v2\/pages\/3137\/revisions\/3317"}],"wp:attachment":[{"href":"https:\/\/garival.com\/fr\/wp-json\/wp\/v2\/media?parent=3137"}],"curies":[{"name":"wp","href":"https:\/\/api.w.org\/{rel}","templated":true}]}}